{"id":70,"date":"2025-03-24T05:08:49","date_gmt":"2025-03-24T05:08:49","guid":{"rendered":"https:\/\/max-reach.keystonedemo.com\/?page_id=70"},"modified":"2025-10-16T14:53:17","modified_gmt":"2025-10-16T14:53:17","slug":"over-de-show","status":"publish","type":"page","link":"https:\/\/www.midnight-melodies.nl\/de\/over-de-show\/","title":{"rendered":"\u00dcber die Ausstellung"},"content":{"rendered":"<div data-elementor-type=\"wp-page\" data-elementor-id=\"70\" class=\"elementor elementor-70\" data-elementor-post-type=\"page\">\n\t\t\t\t<div class=\"elementor-element elementor-element-adf8fd4 e-flex e-con-boxed e-con e-parent\" data-id=\"adf8fd4\" data-element_type=\"container\" data-e-type=\"container\">\n\t\t\t\t\t<div class=\"e-con-inner\">\n\t\t<div class=\"elementor-element elementor-element-de181ed e-con-full e-flex e-con e-child\" data-id=\"de181ed\" data-element_type=\"container\" data-e-type=\"container\">\n\t\t<div class=\"elementor-element elementor-element-6ce4f43 e-con-full e-flex elementor-invisible e-con e-child\" data-id=\"6ce4f43\" data-element_type=\"container\" data-e-type=\"container\" data-settings=\"{&quot;animation&quot;:&quot;fadeInUp&quot;}\">\n\t\t\t\t<div class=\"elementor-element elementor-element-ac65303 elementor-widget elementor-widget-heading\" data-id=\"ac65303\" data-element_type=\"widget\" data-e-type=\"widget\" data-settings=\"{&quot;ekit_we_effect_on&quot;:&quot;none&quot;}\" data-widget_type=\"heading.default\">\n\t\t\t\t\t<h2 class=\"elementor-heading-title elementor-size-default\">Meine Geschichte<\/h2>\t\t\t\t<\/div>\n\t\t\t\t<div class=\"elementor-element elementor-element-0799f58 elementor-widget elementor-widget-heading\" data-id=\"0799f58\" data-element_type=\"widget\" data-e-type=\"widget\" data-settings=\"{&quot;ekit_we_effect_on&quot;:&quot;none&quot;}\" data-widget_type=\"heading.default\">\n\t\t\t\t\t<h2 class=\"elementor-heading-title elementor-size-default\">\u00dcber Michelle's Mitternachtsmelodien<\/h2>\t\t\t\t<\/div>\n\t\t\t\t<div class=\"elementor-element elementor-element-6d652f8 elementor-widget__width-initial elementor-widget elementor-widget-text-editor\" data-id=\"6d652f8\" data-element_type=\"widget\" data-e-type=\"widget\" data-settings=\"{&quot;ekit_we_effect_on&quot;:&quot;none&quot;}\" data-widget_type=\"text-editor.default\">\n\t\t\t\t\t\t\t\t\t<p>Die Geschichte hinter der Show, dem Moderator und der Musik<\/p>\t\t\t\t\t\t\t\t<\/div>\n\t\t\t\t<div class=\"elementor-element elementor-element-f732fd3 elementor-widget elementor-widget-elementskit-breadcrumb\" data-id=\"f732fd3\" data-element_type=\"widget\" data-e-type=\"widget\" data-settings=\"{&quot;ekit_we_effect_on&quot;:&quot;none&quot;}\" data-widget_type=\"elementskit-breadcrumb.default\">\n\t\t\t\t<div class=\"elementor-widget-container\">\n\t\t\t\t\t<div class=\"ekit-wid-con\" ><ol class=\"ekit-breadcrumb\"><li class=\"ekit_breadcrumbs_start\"><a href=\"https:\/\/www.midnight-melodies.nl\/it\" data-no-translation=\"\" data-trp-gettext=\"\">Casa<\/a><\/li> <li class=\"brd_sep\"> \u00bb <\/li>  <li>\u00dcber die Ausstellung<\/li><\/ol><\/div>\t\t\t\t<\/div>\n\t\t\t\t<\/div>\n\t\t\t\t<\/div>\n\t\t\t\t<\/div>\n\t\t\t\t\t<\/div>\n\t\t\t\t<\/div>\n\t\t<div class=\"elementor-element elementor-element-172d654 e-flex e-con-boxed e-con e-parent\" data-id=\"172d654\" data-element_type=\"container\" data-e-type=\"container\">\n\t\t\t\t\t<div class=\"e-con-inner\">\n\t\t<div class=\"elementor-element elementor-element-4aac587 e-con-full e-flex e-con e-child\" data-id=\"4aac587\" data-element_type=\"container\" data-e-type=\"container\">\n\t\t<div class=\"elementor-element elementor-element-479dfda e-con-full e-flex elementor-invisible e-con e-child\" data-id=\"479dfda\" data-element_type=\"container\" data-e-type=\"container\" data-settings=\"{&quot;background_background&quot;:&quot;classic&quot;,&quot;animation&quot;:&quot;fadeInUp&quot;}\">\n\t\t\t\t<div class=\"elementor-element elementor-element-b2fde97 elementor-widget elementor-widget-heading\" data-id=\"b2fde97\" data-element_type=\"widget\" data-e-type=\"widget\" data-settings=\"{&quot;ekit_we_effect_on&quot;:&quot;none&quot;}\" data-widget_type=\"heading.default\">\n\t\t\t\t\t<h2 class=\"elementor-heading-title elementor-size-default\">Michelles Mitternachtsmelodien<\/h2>\t\t\t\t<\/div>\n\t\t\t\t<div class=\"elementor-element elementor-element-4a73d37 elementor-widget elementor-widget-elementskit-fancy-animated-text\" data-id=\"4a73d37\" data-element_type=\"widget\" data-e-type=\"widget\" data-settings=\"{&quot;ekit_we_effect_on&quot;:&quot;none&quot;}\" data-widget_type=\"elementskit-fancy-animated-text.default\">\n\t\t\t\t<div class=\"elementor-widget-container\">\n\t\t\t\t\t<div class=\"ekit-wid-con\" >            <h2 class=\"ekit-fancy-text letters rotate-2\" data-id=\"4a73d37\" data-animation-settings=\"{&quot;animationStyle&quot;:&quot;animated&quot;,&quot;animationDelay&quot;:2500,&quot;loadingBar&quot;:3800,&quot;lettersDelay&quot;:50,&quot;typeLettersDelay&quot;:150,&quot;duration&quot;:500,&quot;revealDuration&quot;:600,&quot;revealAnimationDelay&quot;:1500}\">\n                \t\t\t<span class=\"ekit-fancy-prefix-text\">\n\t\t\t\tDie Geschichte hinter\t\t\t<\/span>\n\t\t\t\t\t\t<span class=\"ekit-fancy-text-lists\">\n\t\t\t\t\t\t\t\t\t\t<b class=\"ekit-fancy-text elementor-repeater-item-7e7097d is-visible\">Die Show<\/b>\n\t\t\t\t\t\t\t\t\t\t<b class=\"ekit-fancy-text elementor-repeater-item-90afdc4\">der Gastgeber<\/b>\n\t\t\t\t\t\t\t\t\t\t<b class=\"ekit-fancy-text elementor-repeater-item-2fd089a\">die Musik<\/b>\n\t\t\t\t\t\t\t\t\t<\/span>\n\t\t\t            <\/h2>\n        <\/div>\t\t\t\t<\/div>\n\t\t\t\t<\/div>\n\t\t\t\t<div class=\"elementor-element elementor-element-ee701e2 elementor-widget__width-inherit elementor-widget elementor-widget-text-editor\" data-id=\"ee701e2\" data-element_type=\"widget\" data-e-type=\"widget\" data-settings=\"{&quot;ekit_we_effect_on&quot;:&quot;none&quot;}\" data-widget_type=\"text-editor.default\">\n\t\t\t\t\t\t\t\t\t<p>Es gibt N\u00e4chte, in denen Musik die Seele ber\u00fchrt.<br \/>Nicht die fl\u00fcchtigen Hits von heute, sondern dieser warme, zeitlose R&amp;B-Sound, der einen in eine Zeit zur\u00fcckversetzt, in der jede Note eine Geschichte erz\u00e4hlte und jede Stimme einen Moment lang Ruhe brachte.<\/p><p>Michelle's Midnight Melodies wurde genau so geboren. Jahrelang suchte Michelle nach einer Radiosendung, die ihrer Liebe zu R&amp;B, Soul und Urban aus den 90er und 00er Jahren gerecht wurde, aber sie fand sie nirgends. Keine Sendung brachte die schw\u00fclen Harmonien, die tiefen B\u00e4sse und die echten Gef\u00fchle so zusammen, wie sie es sich vorstellte. Also beschloss sie, es selbst zu schaffen. Mit Leidenschaft, Hingabe und einer ausgepr\u00e4gten musikalischen Vision.<\/p><p>Alle vierzehn Tage, freitags um 23.30 Uhr, pr\u00e4sentiert Michelle auf HHZ Radio einen sorgf\u00e4ltig zusammengestellten Late-Night-Soundtrack. Du h\u00f6rst den samtigen Charme von Joe, die raue Romantik von Jodeci, die intime W\u00e4rme von D'Angelo und die kraftvollen Balladen von Tank. Die Klassiker von New Edition und Boyz II Men ziehen ebenso vorbei wie die weiblichen Ikonen Aaliyah, TLC und Mary J. Blige - K\u00fcnstlerinnen, die eine ganze Generation gepr\u00e4gt haben und immer noch wie zu Hause klingen.<\/p><p>Aber Midnight Melodies ist mehr als nur eine Playlist. Michelle erz\u00e4hlt die Geschichten hinter den Titeln, verbindet Erinnerungen mit Melodien und taucht in den Kontext einer \u00c4ra ein, in der Slow Jams, Mix-CDs und Nachtradio die Welt kleiner UND intensiver machten. Freuen Sie sich auf kultige Hymnen und vergessene Perlen - Musik, die Sie wieder sp\u00fcren l\u00e4sst, warum Sie sich einst in sie verliebt haben.<\/p><p>Dieses Programm ist eine Ode an die Authentizit\u00e4t: an Seele, Stil und Gef\u00fchl. Es ist der Ort, an dem die Nacht sanft wird, an dem die Rhythmen fl\u00fcstern und an dem Nostalgie niemals kitschig klingt.<\/p><p>H\u00f6ren. F\u00fchlen. Erleben.<br \/><br \/>Willkommen bei Michelle's Midnight Melodies. Geboren aus Mangel, gemacht aus Liebe.<\/p>\t\t\t\t\t\t\t\t<\/div>\n\t\t\t\t<\/div>\n\t\t<div class=\"elementor-element elementor-element-4b98e54 e-con-full e-flex elementor-invisible e-con e-child\" data-id=\"4b98e54\" data-element_type=\"container\" data-e-type=\"container\" data-settings=\"{&quot;background_background&quot;:&quot;classic&quot;,&quot;animation&quot;:&quot;fadeInUp&quot;}\">\n\t\t\t\t<\/div>\n\t\t\t\t<\/div>\n\t\t\t\t\t<\/div>\n\t\t\t\t<\/div>\n\t\t<div class=\"elementor-element elementor-element-cb4162d plans e-flex e-con-boxed e-con e-parent\" data-id=\"cb4162d\" data-element_type=\"container\" data-e-type=\"container\">\n\t\t\t\t\t<div class=\"e-con-inner\">\n\t\t\t\t<div class=\"elementor-element elementor-element-e8f8972 elementor-widget elementor-widget-image\" data-id=\"e8f8972\" data-element_type=\"widget\" data-e-type=\"widget\" data-settings=\"{&quot;ekit_we_effect_on&quot;:&quot;none&quot;}\" data-widget_type=\"image.default\">\n\t\t\t\t\t\t\t\t\t\t\t\t\t\t\t<img fetchpriority=\"high\" decoding=\"async\" width=\"1024\" height=\"205\" src=\"https:\/\/www.midnight-melodies.nl\/wp-content\/uploads\/2025\/10\/mm_banner1-1024x205.jpg\" class=\"attachment-large size-large wp-image-1327\" alt=\"\" srcset=\"https:\/\/www.midnight-melodies.nl\/wp-content\/uploads\/2025\/10\/mm_banner1-1024x205.jpg 1024w, https:\/\/www.midnight-melodies.nl\/wp-content\/uploads\/2025\/10\/mm_banner1-300x60.jpg 300w, https:\/\/www.midnight-melodies.nl\/wp-content\/uploads\/2025\/10\/mm_banner1-768x154.jpg 768w, https:\/\/www.midnight-melodies.nl\/wp-content\/uploads\/2025\/10\/mm_banner1-710x142.jpg 710w, https:\/\/www.midnight-melodies.nl\/wp-content\/uploads\/2025\/10\/mm_banner1.jpg 1500w\" sizes=\"(max-width: 1024px) 100vw, 1024px\" \/>\t\t\t\t\t\t\t\t\t\t\t\t\t\t\t<\/div>\n\t\t\t\t\t<\/div>\n\t\t\t\t<\/div>\n\t\t\t\t<\/div>","protected":false},"excerpt":{"rendered":"<p>Mijn Verhaal Over Michelle&#8217;s Midnight Melodies Het verhaal achter de show, de host en de muziek Home Michelle&#8217;s midgnight melodies Het verhaal achter de Show de Host de Muziek Sommige avonden vragen om muziek die je ziel raakt.Niet de vluchtige hits van nu, maar die warme, tijdloze R&amp;B-sound die je terugbrengt naar een tijd waarin [&hellip;]<\/p>\n","protected":false},"author":1,"featured_media":0,"parent":0,"menu_order":0,"comment_status":"closed","ping_status":"closed","template":"elementor_header_footer","meta":{"episode_type":"","audio_file":"","cover_image":"","cover_image_id":"","duration":"","filesize":"","filesize_raw":"","date_recorded":"","explicit":"","block":"","itunes_episode_number":"","itunes_title":"","itunes_season_number":"","itunes_episode_type":"","footnotes":""},"class_list":["post-70","page","type-page","status-publish","hentry"],"_links":{"self":[{"href":"https:\/\/www.midnight-melodies.nl\/de\/wp-json\/wp\/v2\/pages\/70","targetHints":{"allow":["GET"]}}],"collection":[{"href":"https:\/\/www.midnight-melodies.nl\/de\/wp-json\/wp\/v2\/pages"}],"about":[{"href":"https:\/\/www.midnight-melodies.nl\/de\/wp-json\/wp\/v2\/types\/page"}],"author":[{"embeddable":true,"href":"https:\/\/www.midnight-melodies.nl\/de\/wp-json\/wp\/v2\/users\/1"}],"replies":[{"embeddable":true,"href":"https:\/\/www.midnight-melodies.nl\/de\/wp-json\/wp\/v2\/comments?post=70"}],"version-history":[{"count":14,"href":"https:\/\/www.midnight-melodies.nl\/de\/wp-json\/wp\/v2\/pages\/70\/revisions"}],"predecessor-version":[{"id":1382,"href":"https:\/\/www.midnight-melodies.nl\/de\/wp-json\/wp\/v2\/pages\/70\/revisions\/1382"}],"wp:attachment":[{"href":"https:\/\/www.midnight-melodies.nl\/de\/wp-json\/wp\/v2\/media?parent=70"}],"curies":[{"name":"wp","href":"https:\/\/api.w.org\/{rel}","templated":true}]}}