{"id":70,"date":"2025-03-24T05:08:49","date_gmt":"2025-03-24T05:08:49","guid":{"rendered":"https:\/\/max-reach.keystonedemo.com\/?page_id=70"},"modified":"2025-10-16T14:53:17","modified_gmt":"2025-10-16T14:53:17","slug":"over-de-show","status":"publish","type":"page","link":"https:\/\/www.midnight-melodies.nl\/es\/over-de-show\/","title":{"rendered":"Sobre el espect\u00e1culo"},"content":{"rendered":"<div data-elementor-type=\"wp-page\" data-elementor-id=\"70\" class=\"elementor elementor-70\" data-elementor-post-type=\"page\">\n\t\t\t\t<div class=\"elementor-element elementor-element-adf8fd4 e-flex e-con-boxed e-con e-parent\" data-id=\"adf8fd4\" data-element_type=\"container\" data-e-type=\"container\">\n\t\t\t\t\t<div class=\"e-con-inner\">\n\t\t<div class=\"elementor-element elementor-element-de181ed e-con-full e-flex e-con e-child\" data-id=\"de181ed\" data-element_type=\"container\" data-e-type=\"container\">\n\t\t<div class=\"elementor-element elementor-element-6ce4f43 e-con-full e-flex elementor-invisible e-con e-child\" data-id=\"6ce4f43\" data-element_type=\"container\" data-e-type=\"container\" data-settings=\"{&quot;animation&quot;:&quot;fadeInUp&quot;}\">\n\t\t\t\t<div class=\"elementor-element elementor-element-ac65303 elementor-widget elementor-widget-heading\" data-id=\"ac65303\" data-element_type=\"widget\" data-e-type=\"widget\" data-settings=\"{&quot;ekit_we_effect_on&quot;:&quot;none&quot;}\" data-widget_type=\"heading.default\">\n\t\t\t\t\t<h2 class=\"elementor-heading-title elementor-size-default\">Mi historia<\/h2>\t\t\t\t<\/div>\n\t\t\t\t<div class=\"elementor-element elementor-element-0799f58 elementor-widget elementor-widget-heading\" data-id=\"0799f58\" data-element_type=\"widget\" data-e-type=\"widget\" data-settings=\"{&quot;ekit_we_effect_on&quot;:&quot;none&quot;}\" data-widget_type=\"heading.default\">\n\t\t\t\t\t<h2 class=\"elementor-heading-title elementor-size-default\">Acerca de Michelle's Midnight Melodies<\/h2>\t\t\t\t<\/div>\n\t\t\t\t<div class=\"elementor-element elementor-element-6d652f8 elementor-widget__width-initial elementor-widget elementor-widget-text-editor\" data-id=\"6d652f8\" data-element_type=\"widget\" data-e-type=\"widget\" data-settings=\"{&quot;ekit_we_effect_on&quot;:&quot;none&quot;}\" data-widget_type=\"text-editor.default\">\n\t\t\t\t\t\t\t\t\t<p>La historia del programa, el presentador y la m\u00fasica<\/p>\t\t\t\t\t\t\t\t<\/div>\n\t\t\t\t<div class=\"elementor-element elementor-element-f732fd3 elementor-widget elementor-widget-elementskit-breadcrumb\" data-id=\"f732fd3\" data-element_type=\"widget\" data-e-type=\"widget\" data-settings=\"{&quot;ekit_we_effect_on&quot;:&quot;none&quot;}\" data-widget_type=\"elementskit-breadcrumb.default\">\n\t\t\t\t<div class=\"elementor-widget-container\">\n\t\t\t\t\t<div class=\"ekit-wid-con\" ><ol class=\"ekit-breadcrumb\"><li class=\"ekit_breadcrumbs_start\"><a href=\"https:\/\/www.midnight-melodies.nl\/it\" data-no-translation=\"\" data-trp-gettext=\"\">Casa<\/a><\/li> <li class=\"brd_sep\"> \u00bb <\/li>  <li>Sobre el espect\u00e1culo<\/li><\/ol><\/div>\t\t\t\t<\/div>\n\t\t\t\t<\/div>\n\t\t\t\t<\/div>\n\t\t\t\t<\/div>\n\t\t\t\t\t<\/div>\n\t\t\t\t<\/div>\n\t\t<div class=\"elementor-element elementor-element-172d654 e-flex e-con-boxed e-con e-parent\" data-id=\"172d654\" data-element_type=\"container\" data-e-type=\"container\">\n\t\t\t\t\t<div class=\"e-con-inner\">\n\t\t<div class=\"elementor-element elementor-element-4aac587 e-con-full e-flex e-con e-child\" data-id=\"4aac587\" data-element_type=\"container\" data-e-type=\"container\">\n\t\t<div class=\"elementor-element elementor-element-479dfda e-con-full e-flex elementor-invisible e-con e-child\" data-id=\"479dfda\" data-element_type=\"container\" data-e-type=\"container\" data-settings=\"{&quot;background_background&quot;:&quot;classic&quot;,&quot;animation&quot;:&quot;fadeInUp&quot;}\">\n\t\t\t\t<div class=\"elementor-element elementor-element-b2fde97 elementor-widget elementor-widget-heading\" data-id=\"b2fde97\" data-element_type=\"widget\" data-e-type=\"widget\" data-settings=\"{&quot;ekit_we_effect_on&quot;:&quot;none&quot;}\" data-widget_type=\"heading.default\">\n\t\t\t\t\t<h2 class=\"elementor-heading-title elementor-size-default\">Las melod\u00edas de medianoche de Michelle<\/h2>\t\t\t\t<\/div>\n\t\t\t\t<div class=\"elementor-element elementor-element-4a73d37 elementor-widget elementor-widget-elementskit-fancy-animated-text\" data-id=\"4a73d37\" data-element_type=\"widget\" data-e-type=\"widget\" data-settings=\"{&quot;ekit_we_effect_on&quot;:&quot;none&quot;}\" data-widget_type=\"elementskit-fancy-animated-text.default\">\n\t\t\t\t<div class=\"elementor-widget-container\">\n\t\t\t\t\t<div class=\"ekit-wid-con\" >            <h2 class=\"ekit-fancy-text letters rotate-2\" data-id=\"4a73d37\" data-animation-settings=\"{&quot;animationStyle&quot;:&quot;animated&quot;,&quot;animationDelay&quot;:2500,&quot;loadingBar&quot;:3800,&quot;lettersDelay&quot;:50,&quot;typeLettersDelay&quot;:150,&quot;duration&quot;:500,&quot;revealDuration&quot;:600,&quot;revealAnimationDelay&quot;:1500}\">\n                \t\t\t<span class=\"ekit-fancy-prefix-text\">\n\t\t\t\tLa historia detr\u00e1s de\t\t\t<\/span>\n\t\t\t\t\t\t<span class=\"ekit-fancy-text-lists\">\n\t\t\t\t\t\t\t\t\t\t<b class=\"ekit-fancy-text elementor-repeater-item-7e7097d is-visible\">El espect\u00e1culo<\/b>\n\t\t\t\t\t\t\t\t\t\t<b class=\"ekit-fancy-text elementor-repeater-item-90afdc4\">el Anfitri\u00f3n<\/b>\n\t\t\t\t\t\t\t\t\t\t<b class=\"ekit-fancy-text elementor-repeater-item-2fd089a\">la M\u00fasica<\/b>\n\t\t\t\t\t\t\t\t\t<\/span>\n\t\t\t            <\/h2>\n        <\/div>\t\t\t\t<\/div>\n\t\t\t\t<\/div>\n\t\t\t\t<div class=\"elementor-element elementor-element-ee701e2 elementor-widget__width-inherit elementor-widget elementor-widget-text-editor\" data-id=\"ee701e2\" data-element_type=\"widget\" data-e-type=\"widget\" data-settings=\"{&quot;ekit_we_effect_on&quot;:&quot;none&quot;}\" data-widget_type=\"text-editor.default\">\n\t\t\t\t\t\t\t\t\t<p>Algunas noches requieren m\u00fasica que te llegue al alma.<br \/>No los \u00e9xitos fugaces de hoy en d\u00eda, sino ese sonido R&amp;B c\u00e1lido y atemporal que te transporta a una \u00e9poca en la que cada nota contaba una historia y cada voz te hac\u00eda callar por un momento.<\/p><p>Michelle's Midnight Melodies naci\u00f3 exactamente as\u00ed. Durante a\u00f1os, Michelle busc\u00f3 un programa de radio que hiciera justicia a su amor por el R&amp;B, el Soul y el Urban de los a\u00f1os 90 y 00, pero no lo encontr\u00f3 en ning\u00fan sitio. Ning\u00fan programa reun\u00eda esas sensuales armon\u00edas, esas profundas l\u00edneas de bajo y esa emoci\u00f3n genuina tal y como ella lo imaginaba. As\u00ed que decidi\u00f3 crearlo ella misma. Con pasi\u00f3n, dedicaci\u00f3n y una aguda visi\u00f3n musical.<\/p><p>Cada quince d\u00edas, los viernes por la noche a las 23:30, Michelle te lleva a HHZ Radio con una banda sonora nocturna cuidadosamente seleccionada. Escuchar\u00e1s el aterciopelado encanto de Joe, el crudo romanticismo de Jodeci, la \u00edntima calidez de D'Angelo y las poderosas baladas de Tank. Pasan los cl\u00e1sicos de New Edition y Boyz II Men, as\u00ed como los iconos femeninos Aaliyah, TLC y Mary J. Blige, artistas que dieron forma a una generaci\u00f3n y que siguen sonando como en casa.<\/p><p>Pero Midnight Melodies es m\u00e1s que una lista de canciones. Michelle cuenta las historias que hay detr\u00e1s de las canciones, conectando recuerdos con melod\u00edas y profundizando en el contexto de una \u00e9poca en la que las canciones lentas, los CD mixtos y la radio nocturna hac\u00edan tu mundo m\u00e1s peque\u00f1o Y m\u00e1s intenso. Te esperan himnos ic\u00f3nicos junto a joyas olvidadas, m\u00fasica que te har\u00e1 sentir de nuevo por qu\u00e9 te enamoraste de ella.<\/p><p>Este programa es una oda a la autenticidad: al alma, al estilo y al sentimiento. Es el lugar donde la noche se vuelve suave, donde los ritmos susurran y donde la nostalgia nunca suena cursi.<\/p><p>Escucha. Sentir. Experimenta.<br \/><br \/>Bienvenido a Michelle's Midnight Melodies. Nacido de la carencia, hecho del amor.<\/p>\t\t\t\t\t\t\t\t<\/div>\n\t\t\t\t<\/div>\n\t\t<div class=\"elementor-element elementor-element-4b98e54 e-con-full e-flex elementor-invisible e-con e-child\" data-id=\"4b98e54\" data-element_type=\"container\" data-e-type=\"container\" data-settings=\"{&quot;background_background&quot;:&quot;classic&quot;,&quot;animation&quot;:&quot;fadeInUp&quot;}\">\n\t\t\t\t<\/div>\n\t\t\t\t<\/div>\n\t\t\t\t\t<\/div>\n\t\t\t\t<\/div>\n\t\t<div class=\"elementor-element elementor-element-cb4162d plans e-flex e-con-boxed e-con e-parent\" data-id=\"cb4162d\" data-element_type=\"container\" data-e-type=\"container\">\n\t\t\t\t\t<div class=\"e-con-inner\">\n\t\t\t\t<div class=\"elementor-element elementor-element-e8f8972 elementor-widget elementor-widget-image\" data-id=\"e8f8972\" data-element_type=\"widget\" data-e-type=\"widget\" data-settings=\"{&quot;ekit_we_effect_on&quot;:&quot;none&quot;}\" data-widget_type=\"image.default\">\n\t\t\t\t\t\t\t\t\t\t\t\t\t\t\t<img fetchpriority=\"high\" decoding=\"async\" width=\"1024\" height=\"205\" src=\"https:\/\/www.midnight-melodies.nl\/wp-content\/uploads\/2025\/10\/mm_banner1-1024x205.jpg\" class=\"attachment-large size-large wp-image-1327\" alt=\"\" srcset=\"https:\/\/www.midnight-melodies.nl\/wp-content\/uploads\/2025\/10\/mm_banner1-1024x205.jpg 1024w, https:\/\/www.midnight-melodies.nl\/wp-content\/uploads\/2025\/10\/mm_banner1-300x60.jpg 300w, https:\/\/www.midnight-melodies.nl\/wp-content\/uploads\/2025\/10\/mm_banner1-768x154.jpg 768w, https:\/\/www.midnight-melodies.nl\/wp-content\/uploads\/2025\/10\/mm_banner1-710x142.jpg 710w, https:\/\/www.midnight-melodies.nl\/wp-content\/uploads\/2025\/10\/mm_banner1.jpg 1500w\" sizes=\"(max-width: 1024px) 100vw, 1024px\" \/>\t\t\t\t\t\t\t\t\t\t\t\t\t\t\t<\/div>\n\t\t\t\t\t<\/div>\n\t\t\t\t<\/div>\n\t\t\t\t<\/div>","protected":false},"excerpt":{"rendered":"<p>Mijn Verhaal Over Michelle&#8217;s Midnight Melodies Het verhaal achter de show, de host en de muziek Home Michelle&#8217;s midgnight melodies Het verhaal achter de Show de Host de Muziek Sommige avonden vragen om muziek die je ziel raakt.Niet de vluchtige hits van nu, maar die warme, tijdloze R&amp;B-sound die je terugbrengt naar een tijd waarin [&hellip;]<\/p>\n","protected":false},"author":1,"featured_media":0,"parent":0,"menu_order":0,"comment_status":"closed","ping_status":"closed","template":"elementor_header_footer","meta":{"episode_type":"","audio_file":"","cover_image":"","cover_image_id":"","duration":"","filesize":"","filesize_raw":"","date_recorded":"","explicit":"","block":"","itunes_episode_number":"","itunes_title":"","itunes_season_number":"","itunes_episode_type":"","footnotes":""},"class_list":["post-70","page","type-page","status-publish","hentry"],"_links":{"self":[{"href":"https:\/\/www.midnight-melodies.nl\/es\/wp-json\/wp\/v2\/pages\/70","targetHints":{"allow":["GET"]}}],"collection":[{"href":"https:\/\/www.midnight-melodies.nl\/es\/wp-json\/wp\/v2\/pages"}],"about":[{"href":"https:\/\/www.midnight-melodies.nl\/es\/wp-json\/wp\/v2\/types\/page"}],"author":[{"embeddable":true,"href":"https:\/\/www.midnight-melodies.nl\/es\/wp-json\/wp\/v2\/users\/1"}],"replies":[{"embeddable":true,"href":"https:\/\/www.midnight-melodies.nl\/es\/wp-json\/wp\/v2\/comments?post=70"}],"version-history":[{"count":14,"href":"https:\/\/www.midnight-melodies.nl\/es\/wp-json\/wp\/v2\/pages\/70\/revisions"}],"predecessor-version":[{"id":1382,"href":"https:\/\/www.midnight-melodies.nl\/es\/wp-json\/wp\/v2\/pages\/70\/revisions\/1382"}],"wp:attachment":[{"href":"https:\/\/www.midnight-melodies.nl\/es\/wp-json\/wp\/v2\/media?parent=70"}],"curies":[{"name":"wp","href":"https:\/\/api.w.org\/{rel}","templated":true}]}}