{"id":70,"date":"2025-03-24T05:08:49","date_gmt":"2025-03-24T05:08:49","guid":{"rendered":"https:\/\/max-reach.keystonedemo.com\/?page_id=70"},"modified":"2025-10-16T14:53:17","modified_gmt":"2025-10-16T14:53:17","slug":"over-de-show","status":"publish","type":"page","link":"https:\/\/www.midnight-melodies.nl\/it\/over-de-show\/","title":{"rendered":"Informazioni sulla mostra"},"content":{"rendered":"<div data-elementor-type=\"wp-page\" data-elementor-id=\"70\" class=\"elementor elementor-70\" data-elementor-post-type=\"page\">\n\t\t\t\t<div class=\"elementor-element elementor-element-adf8fd4 e-flex e-con-boxed e-con e-parent\" data-id=\"adf8fd4\" data-element_type=\"container\" data-e-type=\"container\">\n\t\t\t\t\t<div class=\"e-con-inner\">\n\t\t<div class=\"elementor-element elementor-element-de181ed e-con-full e-flex e-con e-child\" data-id=\"de181ed\" data-element_type=\"container\" data-e-type=\"container\">\n\t\t<div class=\"elementor-element elementor-element-6ce4f43 e-con-full e-flex elementor-invisible e-con e-child\" data-id=\"6ce4f43\" data-element_type=\"container\" data-e-type=\"container\" data-settings=\"{&quot;animation&quot;:&quot;fadeInUp&quot;}\">\n\t\t\t\t<div class=\"elementor-element elementor-element-ac65303 elementor-widget elementor-widget-heading\" data-id=\"ac65303\" data-element_type=\"widget\" data-e-type=\"widget\" data-settings=\"{&quot;ekit_we_effect_on&quot;:&quot;none&quot;}\" data-widget_type=\"heading.default\">\n\t\t\t\t\t<h2 class=\"elementor-heading-title elementor-size-default\">La mia storia<\/h2>\t\t\t\t<\/div>\n\t\t\t\t<div class=\"elementor-element elementor-element-0799f58 elementor-widget elementor-widget-heading\" data-id=\"0799f58\" data-element_type=\"widget\" data-e-type=\"widget\" data-settings=\"{&quot;ekit_we_effect_on&quot;:&quot;none&quot;}\" data-widget_type=\"heading.default\">\n\t\t\t\t\t<h2 class=\"elementor-heading-title elementor-size-default\">Informazioni su Michelle's Midnight Melodies<\/h2>\t\t\t\t<\/div>\n\t\t\t\t<div class=\"elementor-element elementor-element-6d652f8 elementor-widget__width-initial elementor-widget elementor-widget-text-editor\" data-id=\"6d652f8\" data-element_type=\"widget\" data-e-type=\"widget\" data-settings=\"{&quot;ekit_we_effect_on&quot;:&quot;none&quot;}\" data-widget_type=\"text-editor.default\">\n\t\t\t\t\t\t\t\t\t<p>La storia dello spettacolo, del conduttore e della musica<\/p>\t\t\t\t\t\t\t\t<\/div>\n\t\t\t\t<div class=\"elementor-element elementor-element-f732fd3 elementor-widget elementor-widget-elementskit-breadcrumb\" data-id=\"f732fd3\" data-element_type=\"widget\" data-e-type=\"widget\" data-settings=\"{&quot;ekit_we_effect_on&quot;:&quot;none&quot;}\" data-widget_type=\"elementskit-breadcrumb.default\">\n\t\t\t\t<div class=\"elementor-widget-container\">\n\t\t\t\t\t<div class=\"ekit-wid-con\" ><ol class=\"ekit-breadcrumb\"><li class=\"ekit_breadcrumbs_start\"><a href=\"https:\/\/www.midnight-melodies.nl\/it\" data-no-translation=\"\" data-trp-gettext=\"\">Casa<\/a><\/li> <li class=\"brd_sep\"> \u00bb <\/li>  <li>Informazioni sulla mostra<\/li><\/ol><\/div>\t\t\t\t<\/div>\n\t\t\t\t<\/div>\n\t\t\t\t<\/div>\n\t\t\t\t<\/div>\n\t\t\t\t\t<\/div>\n\t\t\t\t<\/div>\n\t\t<div class=\"elementor-element elementor-element-172d654 e-flex e-con-boxed e-con e-parent\" data-id=\"172d654\" data-element_type=\"container\" data-e-type=\"container\">\n\t\t\t\t\t<div class=\"e-con-inner\">\n\t\t<div class=\"elementor-element elementor-element-4aac587 e-con-full e-flex e-con e-child\" data-id=\"4aac587\" data-element_type=\"container\" data-e-type=\"container\">\n\t\t<div class=\"elementor-element elementor-element-479dfda e-con-full e-flex elementor-invisible e-con e-child\" data-id=\"479dfda\" data-element_type=\"container\" data-e-type=\"container\" data-settings=\"{&quot;background_background&quot;:&quot;classic&quot;,&quot;animation&quot;:&quot;fadeInUp&quot;}\">\n\t\t\t\t<div class=\"elementor-element elementor-element-b2fde97 elementor-widget elementor-widget-heading\" data-id=\"b2fde97\" data-element_type=\"widget\" data-e-type=\"widget\" data-settings=\"{&quot;ekit_we_effect_on&quot;:&quot;none&quot;}\" data-widget_type=\"heading.default\">\n\t\t\t\t\t<h2 class=\"elementor-heading-title elementor-size-default\">Le melodie di mezzanotte di Michelle<\/h2>\t\t\t\t<\/div>\n\t\t\t\t<div class=\"elementor-element elementor-element-4a73d37 elementor-widget elementor-widget-elementskit-fancy-animated-text\" data-id=\"4a73d37\" data-element_type=\"widget\" data-e-type=\"widget\" data-settings=\"{&quot;ekit_we_effect_on&quot;:&quot;none&quot;}\" data-widget_type=\"elementskit-fancy-animated-text.default\">\n\t\t\t\t<div class=\"elementor-widget-container\">\n\t\t\t\t\t<div class=\"ekit-wid-con\" >            <h2 class=\"ekit-fancy-text letters rotate-2\" data-id=\"4a73d37\" data-animation-settings=\"{&quot;animationStyle&quot;:&quot;animated&quot;,&quot;animationDelay&quot;:2500,&quot;loadingBar&quot;:3800,&quot;lettersDelay&quot;:50,&quot;typeLettersDelay&quot;:150,&quot;duration&quot;:500,&quot;revealDuration&quot;:600,&quot;revealAnimationDelay&quot;:1500}\">\n                \t\t\t<span class=\"ekit-fancy-prefix-text\">\n\t\t\t\tLa storia dietro\t\t\t<\/span>\n\t\t\t\t\t\t<span class=\"ekit-fancy-text-lists\">\n\t\t\t\t\t\t\t\t\t\t<b class=\"ekit-fancy-text elementor-repeater-item-7e7097d is-visible\">Lo spettacolo<\/b>\n\t\t\t\t\t\t\t\t\t\t<b class=\"ekit-fancy-text elementor-repeater-item-90afdc4\">l'ospite<\/b>\n\t\t\t\t\t\t\t\t\t\t<b class=\"ekit-fancy-text elementor-repeater-item-2fd089a\">la Musica<\/b>\n\t\t\t\t\t\t\t\t\t<\/span>\n\t\t\t            <\/h2>\n        <\/div>\t\t\t\t<\/div>\n\t\t\t\t<\/div>\n\t\t\t\t<div class=\"elementor-element elementor-element-ee701e2 elementor-widget__width-inherit elementor-widget elementor-widget-text-editor\" data-id=\"ee701e2\" data-element_type=\"widget\" data-e-type=\"widget\" data-settings=\"{&quot;ekit_we_effect_on&quot;:&quot;none&quot;}\" data-widget_type=\"text-editor.default\">\n\t\t\t\t\t\t\t\t\t<p>Alcune notti richiedono una musica che tocchi l'anima.<br \/>Non le fugaci hit di oggi, ma quel suono R&amp;B caldo e senza tempo che ti riporta a un'epoca in cui ogni nota raccontava una storia e ogni voce ti faceva stare tranquillo per un momento.<\/p><p>Michelle's Midnight Melodies \u00e8 nato proprio cos\u00ec. Per anni Michelle ha cercato un programma radiofonico che rendesse giustizia al suo amore per l'R&amp;B, il Soul e l'Urban degli anni \u201990 e \u201900, ma non l'ha trovato da nessuna parte. Nessun programma metteva insieme quelle armonie afose, quelle linee di basso profonde e quelle emozioni genuine nel modo in cui lei le immaginava. Cos\u00ec ha deciso di crearlo da sola. Con passione, dedizione e un'acuta visione musicale.<\/p><p>Ogni quindici giorni, il venerd\u00ec sera alle 23:30, Michelle vi porta su HHZ Radio con una colonna sonora accuratamente curata per la notte fonda. Ascolterete il fascino vellutato di Joe, il crudo romanticismo di Jodeci, il calore intimo di D'Angelo e le potenti ballate di Tank. Passano i classici dei New Edition e dei Boyz II Men, cos\u00ec come le icone femminili Aaliyah, TLC e Mary J. Blige, artisti che hanno plasmato una generazione e che suonano ancora come a casa.<\/p><p>Ma Midnight Melodies \u00e8 pi\u00f9 di una playlist. Michelle racconta le storie che si celano dietro i brani, collegando i ricordi alle melodie e approfondendo il contesto di un'epoca in cui le jam lente, i CD mix e le radio notturne rendevano il mondo pi\u00f9 piccolo e pi\u00f9 intenso. Aspettatevi inni iconici e gemme dimenticate, musica che vi far\u00e0 sentire di nuovo perch\u00e9 ve ne siete innamorati.<\/p><p>Questo programma \u00e8 un'ode all'autenticit\u00e0: all'anima, allo stile e al sentimento. \u00c8 il luogo dove la notte diventa morbida, dove i ritmi sussurrano e dove la nostalgia non suona mai banale.<\/p><p>Ascoltare. Sentire. Sperimentare.<br \/><br \/>Benvenuti alle Melodie di mezzanotte di Michelle. Nata dalla mancanza, fatta d'amore.<\/p>\t\t\t\t\t\t\t\t<\/div>\n\t\t\t\t<\/div>\n\t\t<div class=\"elementor-element elementor-element-4b98e54 e-con-full e-flex elementor-invisible e-con e-child\" data-id=\"4b98e54\" data-element_type=\"container\" data-e-type=\"container\" data-settings=\"{&quot;background_background&quot;:&quot;classic&quot;,&quot;animation&quot;:&quot;fadeInUp&quot;}\">\n\t\t\t\t<\/div>\n\t\t\t\t<\/div>\n\t\t\t\t\t<\/div>\n\t\t\t\t<\/div>\n\t\t<div class=\"elementor-element elementor-element-cb4162d plans e-flex e-con-boxed e-con e-parent\" data-id=\"cb4162d\" data-element_type=\"container\" data-e-type=\"container\">\n\t\t\t\t\t<div class=\"e-con-inner\">\n\t\t\t\t<div class=\"elementor-element elementor-element-e8f8972 elementor-widget elementor-widget-image\" data-id=\"e8f8972\" data-element_type=\"widget\" data-e-type=\"widget\" data-settings=\"{&quot;ekit_we_effect_on&quot;:&quot;none&quot;}\" data-widget_type=\"image.default\">\n\t\t\t\t\t\t\t\t\t\t\t\t\t\t\t<img fetchpriority=\"high\" decoding=\"async\" width=\"1024\" height=\"205\" src=\"https:\/\/www.midnight-melodies.nl\/wp-content\/uploads\/2025\/10\/mm_banner1-1024x205.jpg\" class=\"attachment-large size-large wp-image-1327\" alt=\"\" srcset=\"https:\/\/www.midnight-melodies.nl\/wp-content\/uploads\/2025\/10\/mm_banner1-1024x205.jpg 1024w, https:\/\/www.midnight-melodies.nl\/wp-content\/uploads\/2025\/10\/mm_banner1-300x60.jpg 300w, https:\/\/www.midnight-melodies.nl\/wp-content\/uploads\/2025\/10\/mm_banner1-768x154.jpg 768w, https:\/\/www.midnight-melodies.nl\/wp-content\/uploads\/2025\/10\/mm_banner1-710x142.jpg 710w, https:\/\/www.midnight-melodies.nl\/wp-content\/uploads\/2025\/10\/mm_banner1.jpg 1500w\" sizes=\"(max-width: 1024px) 100vw, 1024px\" \/>\t\t\t\t\t\t\t\t\t\t\t\t\t\t\t<\/div>\n\t\t\t\t\t<\/div>\n\t\t\t\t<\/div>\n\t\t\t\t<\/div>","protected":false},"excerpt":{"rendered":"<p>Mijn Verhaal Over Michelle&#8217;s Midnight Melodies Het verhaal achter de show, de host en de muziek Home Michelle&#8217;s midgnight melodies Het verhaal achter de Show de Host de Muziek Sommige avonden vragen om muziek die je ziel raakt.Niet de vluchtige hits van nu, maar die warme, tijdloze R&amp;B-sound die je terugbrengt naar een tijd waarin [&hellip;]<\/p>\n","protected":false},"author":1,"featured_media":0,"parent":0,"menu_order":0,"comment_status":"closed","ping_status":"closed","template":"elementor_header_footer","meta":{"episode_type":"","audio_file":"","cover_image":"","cover_image_id":"","duration":"","filesize":"","filesize_raw":"","date_recorded":"","explicit":"","block":"","itunes_episode_number":"","itunes_title":"","itunes_season_number":"","itunes_episode_type":"","footnotes":""},"class_list":["post-70","page","type-page","status-publish","hentry"],"_links":{"self":[{"href":"https:\/\/www.midnight-melodies.nl\/it\/wp-json\/wp\/v2\/pages\/70","targetHints":{"allow":["GET"]}}],"collection":[{"href":"https:\/\/www.midnight-melodies.nl\/it\/wp-json\/wp\/v2\/pages"}],"about":[{"href":"https:\/\/www.midnight-melodies.nl\/it\/wp-json\/wp\/v2\/types\/page"}],"author":[{"embeddable":true,"href":"https:\/\/www.midnight-melodies.nl\/it\/wp-json\/wp\/v2\/users\/1"}],"replies":[{"embeddable":true,"href":"https:\/\/www.midnight-melodies.nl\/it\/wp-json\/wp\/v2\/comments?post=70"}],"version-history":[{"count":14,"href":"https:\/\/www.midnight-melodies.nl\/it\/wp-json\/wp\/v2\/pages\/70\/revisions"}],"predecessor-version":[{"id":1382,"href":"https:\/\/www.midnight-melodies.nl\/it\/wp-json\/wp\/v2\/pages\/70\/revisions\/1382"}],"wp:attachment":[{"href":"https:\/\/www.midnight-melodies.nl\/it\/wp-json\/wp\/v2\/media?parent=70"}],"curies":[{"name":"wp","href":"https:\/\/api.w.org\/{rel}","templated":true}]}}